{"id":42,"date":"2025-04-02T00:13:58","date_gmt":"2025-04-02T03:13:58","guid":{"rendered":"https:\/\/blog.planejeasfinancas.com.br\/?page_id=42"},"modified":"2025-04-02T00:13:58","modified_gmt":"2025-04-02T03:13:58","slug":"quem-somos","status":"publish","type":"page","link":"https:\/\/blog.planejeasfinancas.com.br\/bn\/quem-somos\/","title":{"rendered":"\u0986\u09ae\u09b0\u09be \u0995\u09be\u09b0\u09be"},"content":{"rendered":"<html><body><p><strong>\u0986\u09ae\u09b0\u09be \u0995\u09be\u09b0\u09be<\/strong><\/p>\n\n\n\n<p>\u09b8\u09cd\u09ac\u09be\u0997\u09a4\u09ae <strong>\u0986\u09aa\u09a8\u09be\u09b0 \u0986\u09b0\u09cd\u09a5\u09bf\u0995 \u09aa\u09b0\u09bf\u0995\u09b2\u09cd\u09aa\u09a8\u09be \u0995\u09b0\u09c1\u09a8<\/strong>! \u0986\u09ae\u09b0\u09be \u09aa\u09cd\u09b0\u09af\u09c1\u0995\u09cd\u09a4\u09bf, \u09a6\u09b0\u0995\u09be\u09b0\u09c0 \u099f\u09bf\u09aa\u09b8, \u0985\u09cd\u09af\u09be\u09aa\u09cd\u09b2\u09bf\u0995\u09c7\u09b6\u09a8 \u098f\u09ac\u0982 \u09b8\u0982\u09ac\u09be\u09a6 \u09b8\u09ae\u09cd\u09aa\u09b0\u09cd\u0995\u09bf\u09a4 \u09aa\u09cd\u09b0\u09be\u09b8\u0999\u09cd\u0997\u09bf\u0995 \u09ac\u09bf\u09b7\u09af\u09bc\u09ac\u09b8\u09cd\u09a4\u09c1 \u09a8\u09bf\u09af\u09bc\u09c7 \u0986\u09b8\u09be\u09b0 \u099c\u09a8\u09cd\u09af \u09a8\u09bf\u09ac\u09c7\u09a6\u09bf\u09a4 \u098f\u0995\u099f\u09bf \u09aa\u09cb\u09b0\u09cd\u099f\u09be\u09b2\u0964 \u0986\u09ae\u09be\u09a6\u09c7\u09b0 \u09b2\u0995\u09cd\u09b7\u09cd\u09af \u09b9\u09b2 \u0986\u09aa\u09a8\u09be\u09b0 \u09a6\u09c8\u09a8\u09a8\u09cd\u09a6\u09bf\u09a8 \u099c\u09c0\u09ac\u09a8\u0995\u09c7 \u09b8\u09b9\u099c \u0995\u09b0\u09be\u09b0 \u099c\u09a8\u09cd\u09af \u09b8\u09b9\u099c\u09b2\u09ad\u09cd\u09af \u098f\u09ac\u0982 \u09ac\u09cd\u09af\u09ac\u09b9\u09be\u09b0\u09bf\u0995 \u09a4\u09a5\u09cd\u09af \u09aa\u09cd\u09b0\u09a6\u09be\u09a8 \u0995\u09b0\u09be \u098f\u09ac\u0982 \u09a1\u09bf\u099c\u09bf\u099f\u09be\u09b2 \u09ac\u09be\u099c\u09be\u09b0\u09c7\u09b0 \u09aa\u09cd\u09b0\u09a7\u09be\u09a8 \u09aa\u09cd\u09b0\u09ac\u09a3\u09a4\u09be\u0997\u09c1\u09b2\u09bf\u09b0 \u09b8\u09be\u09a5\u09c7 \u0986\u09aa\u09a8\u09be\u0995\u09c7 \u0986\u09aa\u09a1\u09c7\u099f \u09b0\u09be\u0996\u09be\u0964<\/p>\n\n\n\n<h3 class=\"wp-block-heading\">\u0986\u09ae\u09be\u09a6\u09c7\u09b0 \u09b2\u0995\u09cd\u09b7\u09cd\u09af<\/h3>\n\n\n\n<p>\u0986\u09ae\u09b0\u09be \u09ac\u09bf\u09b6\u09cd\u09ac\u09be\u09b8 \u0995\u09b0\u09bf \u09af\u09c7 \u09a8\u09bf\u09b0\u09be\u09aa\u09a6 \u098f\u09ac\u0982 \u0986\u09b0\u0993 \u09a6\u0995\u09cd\u09b7 \u09b8\u09bf\u09a6\u09cd\u09a7\u09be\u09a8\u09cd\u09a4 \u09a8\u09c7\u0993\u09af\u09bc\u09be\u09b0 \u099c\u09a8\u09cd\u09af \u09a4\u09a5\u09cd\u09af \u0985\u09aa\u09b0\u09bf\u09b9\u09be\u09b0\u09cd\u09af\u0964 \u0985\u09a4\u098f\u09ac, \u0986\u09ae\u09be\u09a6\u09c7\u09b0 \u09aa\u09cd\u09b0\u09a4\u09bf\u09b6\u09cd\u09b0\u09c1\u09a4\u09bf \u09b9\u09b2 \u098f\u09ae\u09a8 \u09ae\u09be\u09a8\u09b8\u09ae\u09cd\u09aa\u09a8\u09cd\u09a8 \u09b8\u09be\u09ae\u0997\u09cd\u09b0\u09c0 \u0985\u09ab\u09be\u09b0 \u0995\u09b0\u09be \u09af\u09be \u0986\u09aa\u09a8\u09be\u0995\u09c7 \u0989\u09aa\u09b2\u09ac\u09cd\u09a7 \u09aa\u09cd\u09b0\u09af\u09c1\u0995\u09cd\u09a4\u09bf\u0997\u09a4 \u09b8\u09b0\u099e\u09cd\u099c\u09be\u09ae\u0997\u09c1\u09b2\u09bf\u09b0 \u0986\u09b0\u0993 \u09ad\u09be\u09b2 \u09ac\u09cd\u09af\u09ac\u09b9\u09be\u09b0 \u0995\u09b0\u09a4\u09c7 \u09b8\u09b9\u09be\u09af\u09bc\u09a4\u09be \u0995\u09b0\u09c7\u0964<\/p>\n\n\n\n<h3 class=\"wp-block-heading\">\u0986\u09ae\u09b0\u09be \u09af\u09be \u0985\u09ab\u09be\u09b0 \u0995\u09b0\u09bf<\/h3>\n\n\n\n<ul class=\"wp-block-list\">\n<li><strong>\u09ac\u09cd\u09af\u09ac\u09b9\u09be\u09b0\u09bf\u0995 \u099f\u09bf\u09aa\u09b8<\/strong>: \u0986\u09aa\u09a8\u09be\u09b0 \u09b0\u09c1\u099f\u09bf\u09a8 \u09b8\u09b9\u099c \u0995\u09b0\u09be\u09b0 \u098f\u09ac\u0982 \u0986\u09aa\u09a8\u09be\u09b0 \u09a1\u09bf\u099c\u09bf\u099f\u09be\u09b2 \u0985\u09ad\u09bf\u099c\u09cd\u099e\u09a4\u09be \u0989\u09a8\u09cd\u09a8\u09a4 \u0995\u09b0\u09be\u09b0 \u09b8\u09ae\u09be\u09a7\u09be\u09a8\u0964<\/li>\n\n\n\n<li><strong>\u09aa\u09cd\u09b0\u09af\u09c1\u0995\u09cd\u09a4\u09bf<\/strong>: \u0989\u09a6\u09cd\u09ad\u09be\u09ac\u09a8, \u09a1\u09bf\u09ad\u09be\u0987\u09b8 \u098f\u09ac\u0982 \u09b6\u09bf\u09b2\u09cd\u09aa \u09aa\u09cd\u09b0\u09ac\u09a3\u09a4\u09be \u09b8\u09ae\u09cd\u09aa\u09b0\u09cd\u0995\u09c7 \u0996\u09ac\u09b0\u0964<\/li>\n\n\n\n<li><strong>\u0985\u09cd\u09af\u09be\u09aa\u09cd\u09b2\u09bf\u0995\u09c7\u09b6\u09a8<\/strong>: \u09ac\u09bf\u09ad\u09bf\u09a8\u09cd\u09a8 \u0989\u09a6\u09cd\u09a6\u09c7\u09b6\u09cd\u09af\u09c7 \u09b8\u09c7\u09b0\u09be \u0985\u09cd\u09af\u09be\u09aa\u0997\u09c1\u09b2\u09bf\u09b0 \u09aa\u09b0\u09cd\u09af\u09be\u09b2\u09cb\u099a\u09a8\u09be \u098f\u09ac\u0982 \u09aa\u09b0\u09be\u09ae\u09b0\u09cd\u09b6\u0964<\/li>\n\n\n\n<li><strong>\u0996\u09ac\u09b0<\/strong>: \u09a1\u09bf\u099c\u09bf\u099f\u09be\u09b2 \u099c\u0997\u09ce \u098f\u09ac\u0982 \u09aa\u09cd\u09b0\u09af\u09c1\u0995\u09cd\u09a4\u09bf \u09a5\u09c7\u0995\u09c7 \u0986\u09aa\u09a1\u09c7\u099f \u098f\u09ac\u0982 \u09aa\u09cd\u09b0\u09be\u09b8\u0999\u09cd\u0997\u09bf\u0995 \u09a4\u09a5\u09cd\u09af\u0964<\/li>\n<\/ul>\n\n\n\n<h3 class=\"wp-block-heading\">\u0986\u09ae\u09be\u09a6\u09c7\u09b0 \u099f\u09bf\u09ae<\/h3>\n\n\n\n<p>\u0986\u09ae\u09be\u09a6\u09c7\u09b0 \u09a6\u09b2\u099f\u09bf \u098f\u09ae\u09a8 \u09ac\u09bf\u09b6\u09c7\u09b7\u099c\u09cd\u099e\u09a6\u09c7\u09b0 \u09a6\u09cd\u09ac\u09be\u09b0\u09be \u0997\u09a0\u09bf\u09a4 \u09af\u09be\u09b0\u09be \u09aa\u09cd\u09b0\u09af\u09c1\u0995\u09cd\u09a4\u09bf \u098f\u09ac\u0982 \u0989\u09a6\u09cd\u09ad\u09be\u09ac\u09a8\u09c7\u09b0 \u09aa\u09cd\u09b0\u09a4\u09bf \u0986\u0997\u09cd\u09b0\u09b9\u09c0, \u09b8\u09b0\u09cd\u09ac\u09a6\u09be \u09a8\u09a4\u09c1\u09a8 \u0989\u09a8\u09cd\u09a8\u09af\u09bc\u09a8\u09c7\u09b0 \u09b8\u09a8\u09cd\u09a7\u09be\u09a8\u09c7 \u09a5\u09be\u0995\u09c7 \u09af\u09be\u09a4\u09c7 \u0986\u09ae\u09be\u09a6\u09c7\u09b0 \u09aa\u09be\u09a0\u0995\u09a6\u09c7\u09b0 \u0995\u09be\u099b\u09c7 \u09b9\u09be\u09b2\u09a8\u09be\u0997\u09be\u09a6 \u098f\u09ac\u0982 \u09aa\u09cd\u09b0\u09be\u09b8\u0999\u09cd\u0997\u09bf\u0995 \u09ac\u09bf\u09b7\u09af\u09bc\u09ac\u09b8\u09cd\u09a4\u09c1 \u09aa\u09cc\u0981\u099b\u09c7 \u09a6\u09c7\u0993\u09af\u09bc\u09be \u09af\u09be\u09af\u09bc\u0964<\/p>\n\n\n\n<h3 class=\"wp-block-heading\">\u09af\u09cb\u0997\u09be\u09af\u09cb\u0997 \u0995\u09b0\u09c1\u09a8<\/h3>\n\n\n\n<p>\u0986\u09aa\u09a8\u09be\u09b0 \u09af\u09a6\u09bf \u0995\u09cb\u09a8 \u09aa\u09cd\u09b0\u09b6\u09cd\u09a8, \u09aa\u09b0\u09be\u09ae\u09b0\u09cd\u09b6 \u09a5\u09be\u0995\u09c7 \u0985\u09a5\u09ac\u09be \u0986\u09ae\u09be\u09a6\u09c7\u09b0 \u09b8\u09be\u09a5\u09c7 \u09b8\u09b9\u09af\u09cb\u0997\u09bf\u09a4\u09be \u0995\u09b0\u09a4\u09c7 \u099a\u09be\u09a8, \u09a4\u09be\u09b9\u09b2\u09c7 \u0985\u09a8\u09c1\u0997\u09cd\u09b0\u09b9 \u0995\u09b0\u09c7 \u0987\u09ae\u09c7\u09b2\u09c7\u09b0 \u09ae\u09be\u09a7\u09cd\u09af\u09ae\u09c7 \u0986\u09ae\u09be\u09a6\u09c7\u09b0 \u09b8\u09be\u09a5\u09c7 \u09af\u09cb\u0997\u09be\u09af\u09cb\u0997 \u0995\u09b0\u09c1\u09a8: <strong>blog.planejeasfinancas@gmail.com<\/strong>.<\/p>\n\n\n\n<p>\u0986\u09ae\u09be\u09a6\u09c7\u09b0 \u0986\u09aa\u09a1\u09c7\u099f\u0997\u09c1\u09b2\u09bf \u0985\u09a8\u09c1\u09b8\u09b0\u09a3 \u0995\u09b0\u09c1\u09a8 \u098f\u09ac\u0982 \u09aa\u09cd\u09b0\u09af\u09c1\u0995\u09cd\u09a4\u09bf \u098f\u09ac\u0982 \u0989\u09a6\u09cd\u09ad\u09be\u09ac\u09a8\u09c7\u09b0 \u099c\u0997\u09a4\u09c7\u09b0 \u09b8\u09be\u09a5\u09c7 \u0986\u09aa\u09a1\u09c7\u099f \u09a5\u09be\u0995\u09c1\u09a8!<\/p>\n\n\n\n<hr class=\"wp-block-separator has-alpha-channel-opacity\">\n\n\n\n<p><strong>\u0986\u09aa\u09a8\u09be\u09b0 \u0986\u09b0\u09cd\u09a5\u09bf\u0995 \u09aa\u09b0\u09bf\u0995\u09b2\u09cd\u09aa\u09a8\u09be \u0995\u09b0\u09c1\u09a8 - \u09a4\u09a5\u09cd\u09af \u0993 \u09aa\u09cd\u09b0\u09af\u09c1\u0995\u09cd\u09a4\u09bf \u0986\u09aa\u09a8\u09be\u09b0 \u09b9\u09be\u09a4\u09c7\u09b0 \u09ae\u09c1\u09a0\u09cb\u09af\u09bc!<\/strong><\/p>\n<\/body><\/html>","protected":false},"excerpt":{"rendered":"<p>Quem Somos Bem-vindo ao Planeje as Finan\u00e7as! Somos um portal dedicado a trazer conte\u00fados relevantes sobre tecnologia, dicas \u00fateis, aplicativos e not\u00edcias. Nosso objetivo \u00e9 fornecer informa\u00e7\u00f5es acess\u00edveis e pr\u00e1ticas para facilitar o seu dia a dia e mant\u00ea-lo atualizado com as principais tend\u00eancias do mercado digital. Nossa Miss\u00e3o Acreditamos que a informa\u00e7\u00e3o \u00e9 essencial [&hellip;]<\/p>","protected":false},"author":2,"featured_media":0,"parent":0,"menu_order":0,"comment_status":"closed","ping_status":"closed","template":"","meta":{"footnotes":""},"class_list":["post-42","page","type-page","status-publish","hentry"],"_links":{"self":[{"href":"https:\/\/blog.planejeasfinancas.com.br\/bn\/wp-json\/wp\/v2\/pages\/42","targetHints":{"allow":["GET"]}}],"collection":[{"href":"https:\/\/blog.planejeasfinancas.com.br\/bn\/wp-json\/wp\/v2\/pages"}],"about":[{"href":"https:\/\/blog.planejeasfinancas.com.br\/bn\/wp-json\/wp\/v2\/types\/page"}],"author":[{"embeddable":true,"href":"https:\/\/blog.planejeasfinancas.com.br\/bn\/wp-json\/wp\/v2\/users\/2"}],"replies":[{"embeddable":true,"href":"https:\/\/blog.planejeasfinancas.com.br\/bn\/wp-json\/wp\/v2\/comments?post=42"}],"version-history":[{"count":1,"href":"https:\/\/blog.planejeasfinancas.com.br\/bn\/wp-json\/wp\/v2\/pages\/42\/revisions"}],"predecessor-version":[{"id":43,"href":"https:\/\/blog.planejeasfinancas.com.br\/bn\/wp-json\/wp\/v2\/pages\/42\/revisions\/43"}],"wp:attachment":[{"href":"https:\/\/blog.planejeasfinancas.com.br\/bn\/wp-json\/wp\/v2\/media?parent=42"}],"curies":[{"name":"wp","href":"https:\/\/api.w.org\/{rel}","templated":true}]}}