{"id":3,"date":"2025-04-01T10:43:41","date_gmt":"2025-04-01T13:43:41","guid":{"rendered":"https:\/\/blog.planejeasfinancas.com.br\/?page_id=3"},"modified":"2025-04-02T00:09:59","modified_gmt":"2025-04-02T03:09:59","slug":"politica-de-privacidade","status":"publish","type":"page","link":"https:\/\/blog.planejeasfinancas.com.br\/bn\/politica-de-privacidade\/","title":{"rendered":"\u0997\u09cb\u09aa\u09a8\u09c0\u09af\u09bc\u09a4\u09be \u09a8\u09c0\u09a4\u09bf"},"content":{"rendered":"<html><body><h2 class=\"wp-block-heading\"><strong>\u0997\u09cb\u09aa\u09a8\u09c0\u09af\u09bc\u09a4\u09be \u09a8\u09c0\u09a4\u09bf<\/strong><\/h2>\n\n\n\n<p><strong>\u09b6\u09c7\u09b7 \u0986\u09aa\u09a1\u09c7\u099f:<\/strong> 01\/04\/2025<\/p>\n\n\n\n<p>\u09b8\u09cd\u09ac\u09be\u0997\u09a4\u09ae <strong>\u09ac\u09cd\u09b2\u0997<\/strong> <strong>\u0986\u09aa\u09a8\u09be\u09b0 \u0986\u09b0\u09cd\u09a5\u09bf\u0995 \u09aa\u09b0\u09bf\u0995\u09b2\u09cd\u09aa\u09a8\u09be \u0995\u09b0\u09c1\u09a8<\/strong>! \u0986\u09aa\u09a8\u09be\u09b0 \u0997\u09cb\u09aa\u09a8\u09c0\u09af\u09bc\u09a4\u09be \u0986\u09ae\u09be\u09a6\u09c7\u09b0 \u0995\u09be\u099b\u09c7 \u0997\u09c1\u09b0\u09c1\u09a4\u09cd\u09ac\u09aa\u09c2\u09b0\u09cd\u09a3\u0964 \u098f\u0987 \u0997\u09cb\u09aa\u09a8\u09c0\u09af\u09bc\u09a4\u09be \u09a8\u09c0\u09a4\u09bf \u09ac\u09cd\u09af\u09be\u0996\u09cd\u09af\u09be \u0995\u09b0\u09c7 \u09af\u09c7 \u0986\u09aa\u09a8\u09bf \u09af\u0996\u09a8 \u0986\u09ae\u09be\u09a6\u09c7\u09b0 \u0993\u09af\u09bc\u09c7\u09ac\u09b8\u09be\u0987\u099f \u09aa\u09b0\u09bf\u09a6\u09b0\u09cd\u09b6\u09a8 \u0995\u09b0\u09c7\u09a8 \u09a4\u0996\u09a8 \u0986\u09ae\u09b0\u09be \u0995\u09c0\u09ad\u09be\u09ac\u09c7 \u0986\u09aa\u09a8\u09be\u09b0 \u09a4\u09a5\u09cd\u09af \u09b8\u0982\u0997\u09cd\u09b0\u09b9, \u09ac\u09cd\u09af\u09ac\u09b9\u09be\u09b0, \u09ad\u09be\u0997 \u098f\u09ac\u0982 \u09b8\u09c1\u09b0\u0995\u09cd\u09b7\u09be \u0995\u09b0\u09bf\u0964 <a><strong>https:\/\/blog.planejeasfinancas.com.br<\/strong><\/a>.<\/p>\n\n\n\n<h3 class=\"wp-block-heading\">\u09e7. \u09a4\u09a5\u09cd\u09af \u09b8\u0982\u0997\u09cd\u09b0\u09b9<\/h3>\n\n\n\n<p>\u0986\u09ae\u09b0\u09be \u09ac\u09bf\u09ad\u09bf\u09a8\u09cd\u09a8 \u0989\u09aa\u09be\u09af\u09bc\u09c7 \u09a4\u09a5\u09cd\u09af \u09b8\u0982\u0997\u09cd\u09b0\u09b9 \u0995\u09b0\u09a4\u09c7 \u09aa\u09be\u09b0\u09bf, \u09af\u09be\u09b0 \u09ae\u09a7\u09cd\u09af\u09c7 \u09b0\u09af\u09bc\u09c7\u099b\u09c7:<\/p>\n\n\n\n<ul class=\"wp-block-list\">\n<li><strong>\u09ac\u09cd\u09af\u09ac\u09b9\u09be\u09b0\u0995\u09be\u09b0\u09c0\u09b0 \u09aa\u09cd\u09b0\u09a6\u09a4\u09cd\u09a4 \u09a4\u09a5\u09cd\u09af<\/strong>: \u0986\u09ae\u09be\u09a6\u09c7\u09b0 \u09a8\u09bf\u0989\u099c\u09b2\u09c7\u099f\u09be\u09b0 \u09b8\u09be\u09ac\u09b8\u09cd\u0995\u09cd\u09b0\u09be\u0987\u09ac \u0995\u09b0\u09be\u09b0 \u09b8\u09ae\u09af\u09bc \u09ac\u09be \u0986\u09ae\u09be\u09a6\u09c7\u09b0 \u09b8\u09be\u09a5\u09c7 \u09af\u09cb\u0997\u09be\u09af\u09cb\u0997 \u0995\u09b0\u09be\u09b0 \u09b8\u09ae\u09af\u09bc \u09b8\u09cd\u09ac\u09c7\u099a\u09cd\u099b\u09be\u09af\u09bc \u09aa\u09cd\u09b0\u09a6\u09a4\u09cd\u09a4 \u09a8\u09be\u09ae, \u0987\u09ae\u09c7\u09b2 \u098f\u09ac\u0982 \u0985\u09a8\u09cd\u09af\u09be\u09a8\u09cd\u09af \u09a4\u09a5\u09cd\u09af\u0964<\/li>\n\n\n\n<li><strong>\u09b8\u09cd\u09ac\u09af\u09bc\u0982\u0995\u09cd\u09b0\u09bf\u09af\u09bc \u09a4\u09a5\u09cd\u09af<\/strong>: \u09ac\u09cd\u09b0\u09be\u0989\u099c\u09bf\u0982 \u09a1\u09c7\u099f\u09be, \u0986\u0987\u09aa\u09bf \u09a0\u09bf\u0995\u09be\u09a8\u09be, \u09ac\u09cd\u09b0\u09be\u0989\u099c\u09be\u09b0\u09c7\u09b0 \u09a7\u09b0\u09a3, \u09ac\u09cd\u09af\u09af\u09bc \u0995\u09b0\u09be \u09b8\u09ae\u09af\u09bc \u098f\u09ac\u0982 \u0985\u09cd\u09af\u09be\u0995\u09cd\u09b8\u09c7\u09b8 \u0995\u09b0\u09be \u09aa\u09c3\u09b7\u09cd\u09a0\u09be\u0997\u09c1\u09b2\u09bf\u0964<\/li>\n\n\n\n<li><strong>\u0995\u09c1\u0995\u09bf\u099c \u098f\u09ac\u0982 \u0985\u09a8\u09c1\u09b0\u09c2\u09aa \u09aa\u09cd\u09b0\u09af\u09c1\u0995\u09cd\u09a4\u09bf<\/strong>: \u0986\u09ae\u09b0\u09be \u09ac\u09cd\u09af\u09ac\u09b9\u09be\u09b0\u0995\u09be\u09b0\u09c0\u09b0 \u0985\u09ad\u09bf\u099c\u09cd\u099e\u09a4\u09be \u0989\u09a8\u09cd\u09a8\u09a4 \u0995\u09b0\u09a4\u09c7 \u098f\u09ac\u0982 \u09ac\u09bf\u09b7\u09af\u09bc\u09ac\u09b8\u09cd\u09a4\u09c1 \u09ac\u09cd\u09af\u0995\u09cd\u09a4\u09bf\u0997\u09a4\u0995\u09c3\u09a4 \u0995\u09b0\u09a4\u09c7 \u0995\u09c1\u0995\u09bf\u099c \u09ac\u09cd\u09af\u09ac\u09b9\u09be\u09b0 \u0995\u09b0\u09bf\u0964<\/li>\n<\/ul>\n\n\n\n<h3 class=\"wp-block-heading\">2. \u09a4\u09a5\u09cd\u09af\u09c7\u09b0 \u09ac\u09cd\u09af\u09ac\u09b9\u09be\u09b0<\/h3>\n\n\n\n<p>\u09b8\u0982\u0997\u09c3\u09b9\u09c0\u09a4 \u09a4\u09a5\u09cd\u09af \u09a8\u09bf\u09ae\u09cd\u09a8\u09b2\u09bf\u0996\u09bf\u09a4 \u0995\u09be\u099c\u09c7 \u09ac\u09cd\u09af\u09ac\u09b9\u09be\u09b0 \u0995\u09b0\u09be \u09af\u09c7\u09a4\u09c7 \u09aa\u09be\u09b0\u09c7:<\/p>\n\n\n\n<ul class=\"wp-block-list\">\n<li>\u0993\u09af\u09bc\u09c7\u09ac\u09b8\u09be\u0987\u099f\u09c7 \u0986\u09aa\u09a8\u09be\u09b0 \u0985\u09ad\u09bf\u099c\u09cd\u099e\u09a4\u09be \u09ac\u09cd\u09af\u0995\u09cd\u09a4\u09bf\u0997\u09a4\u0995\u09c3\u09a4 \u0995\u09b0\u09c1\u09a8;<\/li>\n\n\n\n<li>\u0986\u09ae\u09be\u09a6\u09c7\u09b0 \u09aa\u09b0\u09bf\u09b7\u09c7\u09ac\u09be \u098f\u09ac\u0982 \u09ac\u09bf\u09b7\u09af\u09bc\u09ac\u09b8\u09cd\u09a4\u09c1 \u0989\u09a8\u09cd\u09a8\u09a4 \u0995\u09b0\u09be;<\/li>\n\n\n\n<li>\u09a4\u09a5\u09cd\u09af\u09ac\u09b9\u09c1\u09b2 \u09ac\u09be \u09aa\u09cd\u09b0\u099a\u09be\u09b0\u09ae\u09c2\u09b2\u0995 \u0987\u09ae\u09c7\u09b2 \u09aa\u09be\u09a0\u09be\u09a8 (\u09af\u09a6\u09bf \u09ac\u09cd\u09af\u09ac\u09b9\u09be\u09b0\u0995\u09be\u09b0\u09c0 \u0995\u09b0\u09cd\u09a4\u09c3\u0995 \u0985\u09a8\u09c1\u09ae\u09cb\u09a6\u09bf\u09a4 \u09b9\u09af\u09bc);<\/li>\n\n\n\n<li>\u09ac\u09cd\u09af\u09ac\u09b9\u09be\u09b0 \u098f\u09ac\u0982 \u0986\u099a\u09b0\u09a3\u09c7\u09b0 \u09aa\u09b0\u09bf\u09b8\u0982\u0996\u09cd\u09af\u09be\u09a8 \u09ac\u09bf\u09b6\u09cd\u09b2\u09c7\u09b7\u09a3 \u0995\u09b0\u09c1\u09a8\u0964<\/li>\n<\/ul>\n\n\n\n<h3 class=\"wp-block-heading\">\u09e9. \u09a4\u09a5\u09cd\u09af \u09ad\u09be\u0997\u09be\u09ad\u09be\u0997\u09bf<\/h3>\n\n\n\n<p>\u0986\u09ae\u09b0\u09be \u0986\u09aa\u09a8\u09be\u09b0 \u09ac\u09cd\u09af\u0995\u09cd\u09a4\u09bf\u0997\u09a4 \u09a4\u09a5\u09cd\u09af \u09a4\u09c3\u09a4\u09c0\u09af\u09bc \u09aa\u0995\u09cd\u09b7\u09c7\u09b0 \u09b8\u09be\u09a5\u09c7 \u09b6\u09c7\u09af\u09bc\u09be\u09b0 \u0995\u09b0\u09bf \u09a8\u09be, \u09b6\u09c1\u09a7\u09c1\u09ae\u09be\u09a4\u09cd\u09b0 \u09a8\u09bf\u09ae\u09cd\u09a8\u09b2\u09bf\u0996\u09bf\u09a4\u0997\u09c1\u09b2\u09bf \u099b\u09be\u09a1\u09bc\u09be:<\/p>\n\n\n\n<ul class=\"wp-block-list\">\n<li>\u0986\u0987\u09a8 \u0985\u09a8\u09c1\u09b8\u09be\u09b0\u09c7 \u09af\u0996\u09a8 \u09aa\u09cd\u09b0\u09af\u09bc\u09cb\u099c\u09a8 \u09b9\u09af\u09bc;<\/li>\n\n\n\n<li>\u0993\u09af\u09bc\u09c7\u09ac\u09b8\u09be\u0987\u099f \u09aa\u09b0\u09bf\u099a\u09be\u09b2\u09a8\u09be\u09af\u09bc \u09b8\u09b9\u09be\u09af\u09bc\u09a4\u09be\u0995\u09be\u09b0\u09c0 \u09aa\u09b0\u09bf\u09b7\u09c7\u09ac\u09be \u09aa\u09cd\u09b0\u09a6\u09be\u09a8\u0995\u09be\u09b0\u09c0\u09a6\u09c7\u09b0 \u09b8\u09be\u09a5\u09c7 (\u0989\u09a6\u09be\u09b9\u09b0\u09a3: \u0987\u09ae\u09c7\u09b2 \u09ae\u09be\u09b0\u09cd\u0995\u09c7\u099f\u09bf\u0982 \u098f\u09ac\u0982 \u09a1\u09c7\u099f\u09be \u09ac\u09bf\u09b6\u09cd\u09b2\u09c7\u09b7\u09a3 \u09aa\u09cd\u09b0\u09a6\u09be\u09a8\u0995\u09be\u09b0\u09c0);<\/li>\n\n\n\n<li>\u0986\u09ae\u09be\u09a6\u09c7\u09b0 \u0986\u0987\u09a8\u09bf \u0985\u09a7\u09bf\u0995\u09be\u09b0 \u098f\u09ac\u0982 \u09ac\u09cd\u09af\u09ac\u09b9\u09be\u09b0\u0995\u09be\u09b0\u09c0\u09b0 \u09a8\u09bf\u09b0\u09be\u09aa\u09a4\u09cd\u09a4\u09be \u09b0\u0995\u09cd\u09b7\u09be \u0995\u09b0\u09be\u09b0 \u099c\u09a8\u09cd\u09af\u0964<\/li>\n<\/ul>\n\n\n\n<h3 class=\"wp-block-heading\">\u09ea. \u0995\u09c1\u0995\u09bf\u099c \u098f\u09ac\u0982 \u099f\u09cd\u09b0\u09cd\u09af\u09be\u0995\u09bf\u0982 \u09aa\u09cd\u09b0\u09af\u09c1\u0995\u09cd\u09a4\u09bf<\/h3>\n\n\n\n<p>\u0986\u09ae\u09b0\u09be \u0995\u09c1\u0995\u09bf \u09ac\u09cd\u09af\u09ac\u09b9\u09be\u09b0 \u0995\u09b0\u09bf:<\/p>\n\n\n\n<ul class=\"wp-block-list\">\n<li>\u09a8\u09c7\u09ad\u09bf\u0997\u09c7\u09b6\u09a8 \u098f\u09ac\u0982 \u09ac\u09cd\u09af\u09ac\u09b9\u09be\u09b0\u0995\u09be\u09b0\u09c0\u09b0 \u0985\u09ad\u09bf\u099c\u09cd\u099e\u09a4\u09be \u0989\u09a8\u09cd\u09a8\u09a4 \u0995\u09b0\u09c1\u09a8;<\/li>\n\n\n\n<li>\u0993\u09af\u09bc\u09c7\u09ac\u09b8\u09be\u0987\u099f \u099f\u09cd\u09b0\u09cd\u09af\u09be\u09ab\u09bf\u0995 \u09ac\u09bf\u09b6\u09cd\u09b2\u09c7\u09b7\u09a3 \u0995\u09b0\u09c1\u09a8;<\/li>\n\n\n\n<li>\u09a4\u09c3\u09a4\u09c0\u09af\u09bc \u09aa\u0995\u09cd\u09b7\u09c7\u09b0 \u09aa\u09b0\u09bf\u09b7\u09c7\u09ac\u09be\u0997\u09c1\u09b2\u09bf\u09b0 (\u0997\u09c1\u0997\u09b2 \u09ac\u09bf\u099c\u09cd\u099e\u09be\u09aa\u09a8, \u09ab\u09c7\u09b8\u09ac\u09c1\u0995 \u09ac\u09bf\u099c\u09cd\u099e\u09be\u09aa\u09a8, \u0985\u09a8\u09cd\u09af\u09be\u09a8\u09cd\u09af) \u09ae\u09be\u09a7\u09cd\u09af\u09ae\u09c7 \u09ac\u09cd\u09af\u0995\u09cd\u09a4\u09bf\u0997\u09a4\u0995\u09c3\u09a4 \u09ac\u09bf\u099c\u09cd\u099e\u09be\u09aa\u09a8 \u09aa\u09cd\u09b0\u09a6\u09b0\u09cd\u09b6\u09a8 \u0995\u09b0\u09c1\u09a8\u0964<\/li>\n<\/ul>\n\n\n\n<p>\u0986\u09aa\u09a8\u09bf \u09b8\u09b0\u09be\u09b8\u09b0\u09bf \u0986\u09aa\u09a8\u09be\u09b0 \u09ac\u09cd\u09b0\u09be\u0989\u099c\u09be\u09b0\u09c7 \u0995\u09c1\u0995\u09bf\u099c \u09aa\u09b0\u09bf\u099a\u09be\u09b2\u09a8\u09be \u09ac\u09be \u09a8\u09bf\u09b7\u09cd\u0995\u09cd\u09b0\u09bf\u09af\u09bc \u0995\u09b0\u09a4\u09c7 \u09aa\u09be\u09b0\u09c7\u09a8\u0964<\/p>\n\n\n\n<h3 class=\"wp-block-heading\">\u09eb. \u09a1\u09c7\u099f\u09be \u09b8\u09c1\u09b0\u0995\u09cd\u09b7\u09be<\/h3>\n\n\n\n<p>\u0986\u09aa\u09a8\u09be\u09b0 \u09a4\u09a5\u09cd\u09af \u0985\u09a8\u09a8\u09c1\u09ae\u09cb\u09a6\u09bf\u09a4 \u0985\u09cd\u09af\u09be\u0995\u09cd\u09b8\u09c7\u09b8, \u09aa\u09b0\u09bf\u09ac\u09b0\u09cd\u09a4\u09a8 \u09ac\u09be \u0985\u09a8\u09c1\u09aa\u09af\u09c1\u0995\u09cd\u09a4 \u09aa\u09cd\u09b0\u0995\u09be\u09b6 \u09a5\u09c7\u0995\u09c7 \u09b0\u0995\u09cd\u09b7\u09be \u0995\u09b0\u09be\u09b0 \u099c\u09a8\u09cd\u09af \u0986\u09ae\u09b0\u09be \u09a8\u09bf\u09b0\u09be\u09aa\u09a4\u09cd\u09a4\u09be \u09ac\u09cd\u09af\u09ac\u09b8\u09cd\u09a5\u09be \u09ac\u09be\u09b8\u09cd\u09a4\u09ac\u09be\u09af\u09bc\u09a8 \u0995\u09b0\u09bf\u0964<\/p>\n\n\n\n<h3 class=\"wp-block-heading\">\u09ec. \u09ac\u09b9\u09bf\u09b0\u09be\u0997\u09a4 \u09b8\u09be\u0987\u099f\u09c7\u09b0 \u09b2\u09bf\u0999\u09cd\u0995<\/h3>\n\n\n\n<p>\u0986\u09ae\u09be\u09a6\u09c7\u09b0 \u0993\u09af\u09bc\u09c7\u09ac\u09b8\u09be\u0987\u099f\u09c7 \u09a4\u09c3\u09a4\u09c0\u09af\u09bc \u09aa\u0995\u09cd\u09b7\u09c7\u09b0 \u0993\u09af\u09bc\u09c7\u09ac\u09b8\u09be\u0987\u099f\u09c7\u09b0 \u09b2\u09bf\u0999\u09cd\u0995 \u09a5\u09be\u0995\u09a4\u09c7 \u09aa\u09be\u09b0\u09c7\u0964 \u098f\u0987 \u0993\u09af\u09bc\u09c7\u09ac\u09b8\u09be\u0987\u099f\u0997\u09c1\u09b2\u09bf\u09b0 \u0997\u09cb\u09aa\u09a8\u09c0\u09af\u09bc\u09a4\u09be \u09a8\u09c0\u09a4\u09bf\u09b0 \u099c\u09a8\u09cd\u09af \u0986\u09ae\u09b0\u09be \u09a6\u09be\u09af\u09bc\u09c0 \u09a8\u0987\u0964<\/p>\n\n\n\n<h3 class=\"wp-block-heading\">\u09ed. \u09ac\u09cd\u09af\u09ac\u09b9\u09be\u09b0\u0995\u09be\u09b0\u09c0\u09b0 \u0985\u09a7\u09bf\u0995\u09be\u09b0<\/h3>\n\n\n\n<p>\u0986\u09aa\u09a8\u09be\u09b0 \u0985\u09a7\u09bf\u0995\u09be\u09b0 \u0986\u099b\u09c7:<\/p>\n\n\n\n<ul class=\"wp-block-list\">\n<li>\u0986\u09aa\u09a8\u09be\u09b0 \u09ac\u09cd\u09af\u0995\u09cd\u09a4\u09bf\u0997\u09a4 \u09a4\u09a5\u09cd\u09af \u0985\u09cd\u09af\u09be\u0995\u09cd\u09b8\u09c7\u09b8, \u09b8\u0982\u09b6\u09cb\u09a7\u09a8, \u09ac\u09be \u09ae\u09c1\u099b\u09c7 \u09ab\u09c7\u09b2\u09be;<\/li>\n\n\n\n<li>\u0986\u09aa\u09a8\u09be\u09b0 \u09a1\u09c7\u099f\u09be \u09ac\u09cd\u09af\u09ac\u09b9\u09be\u09b0\u09c7\u09b0 \u099c\u09a8\u09cd\u09af \u09b8\u09ae\u09cd\u09ae\u09a4\u09bf \u09aa\u09cd\u09b0\u09a4\u09cd\u09af\u09be\u09b9\u09be\u09b0 \u0995\u09b0\u09c1\u09a8;<\/li>\n\n\n\n<li>\u0986\u09aa\u09a8\u09be\u09b0 \u09a1\u09c7\u099f\u09be \u09ac\u09cd\u09af\u09ac\u09b9\u09be\u09b0 \u09b8\u09ae\u09cd\u09aa\u09b0\u09cd\u0995\u09c7 \u09a4\u09a5\u09cd\u09af\u09c7\u09b0 \u099c\u09a8\u09cd\u09af \u0985\u09a8\u09c1\u09b0\u09cb\u09a7 \u0995\u09b0\u09c1\u09a8\u0964<\/li>\n<\/ul>\n\n\n\n<p>\u0986\u09aa\u09a8\u09be\u09b0 \u0985\u09a7\u09bf\u0995\u09be\u09b0 \u09aa\u09cd\u09b0\u09af\u09bc\u09cb\u0997 \u0995\u09b0\u09a4\u09c7, \u0985\u09a8\u09c1\u0997\u09cd\u09b0\u09b9 \u0995\u09b0\u09c7 \u0987\u09ae\u09c7\u09b2\u09c7\u09b0 \u09ae\u09be\u09a7\u09cd\u09af\u09ae\u09c7 \u0986\u09ae\u09be\u09a6\u09c7\u09b0 \u09b8\u09be\u09a5\u09c7 \u09af\u09cb\u0997\u09be\u09af\u09cb\u0997 \u0995\u09b0\u09c1\u09a8: <strong>[\u0986\u09aa\u09a8\u09be\u09b0 \u09af\u09cb\u0997\u09be\u09af\u09cb\u0997\u09c7\u09b0 \u0987\u09ae\u09c7\u09b2]<\/strong>.<\/p>\n\n\n\n<h3 class=\"wp-block-heading\">\u09ee. \u0997\u09cb\u09aa\u09a8\u09c0\u09af\u09bc\u09a4\u09be \u09a8\u09c0\u09a4\u09bf\u09a4\u09c7 \u09aa\u09b0\u09bf\u09ac\u09b0\u09cd\u09a4\u09a8<\/h3>\n\n\n\n<p>\u0986\u09ae\u09b0\u09be \u09b8\u09ae\u09af\u09bc\u09c7 \u09b8\u09ae\u09af\u09bc\u09c7 \u098f\u0987 \u0997\u09cb\u09aa\u09a8\u09c0\u09af\u09bc\u09a4\u09be \u09a8\u09c0\u09a4\u09bf \u0986\u09aa\u09a1\u09c7\u099f \u0995\u09b0\u09a4\u09c7 \u09aa\u09be\u09b0\u09bf\u0964 \u09af\u09c7\u0995\u09cb\u09a8\u09cb \u09aa\u09b0\u09bf\u09ac\u09b0\u09cd\u09a4\u09a8 \u09b8\u09ae\u09cd\u09aa\u09b0\u09cd\u0995\u09c7 \u0985\u09ac\u0997\u09a4 \u09a5\u09be\u0995\u09be\u09b0 \u099c\u09a8\u09cd\u09af \u0986\u09ae\u09b0\u09be \u0986\u09aa\u09a8\u09be\u0995\u09c7 \u09a8\u09bf\u09af\u09bc\u09ae\u09bf\u09a4 \u098f\u0987 \u09aa\u09c3\u09b7\u09cd\u09a0\u09be\u099f\u09bf \u09aa\u09b0\u09cd\u09af\u09be\u09b2\u09cb\u099a\u09a8\u09be \u0995\u09b0\u09be\u09b0 \u09aa\u09b0\u09be\u09ae\u09b0\u09cd\u09b6 \u09a6\u09bf\u099a\u09cd\u099b\u09bf\u0964<\/p>\n\n\n\n<h3 class=\"wp-block-heading\">9. \u09af\u09cb\u0997\u09be\u09af\u09cb\u0997<\/h3>\n\n\n\n<p>\u098f\u0987 \u0997\u09cb\u09aa\u09a8\u09c0\u09af\u09bc\u09a4\u09be \u09a8\u09c0\u09a4\u09bf \u09b8\u09ae\u09cd\u09aa\u09b0\u09cd\u0995\u09c7 \u0986\u09aa\u09a8\u09be\u09b0 \u09af\u09a6\u09bf \u0995\u09cb\u09a8\u0993 \u09aa\u09cd\u09b0\u09b6\u09cd\u09a8 \u09a5\u09be\u0995\u09c7, \u09a4\u09be\u09b9\u09b2\u09c7 \u0985\u09a8\u09c1\u0997\u09cd\u09b0\u09b9 \u0995\u09b0\u09c7 \u0987\u09ae\u09c7\u09b2\u09c7\u09b0 \u09ae\u09be\u09a7\u09cd\u09af\u09ae\u09c7 \u0986\u09ae\u09be\u09a6\u09c7\u09b0 \u09b8\u09be\u09a5\u09c7 \u09af\u09cb\u0997\u09be\u09af\u09cb\u0997 \u0995\u09b0\u09c1\u09a8: <strong>blog.planejeasfinancas@gmail.com<\/strong>.<\/p>\n\n\n\n<hr class=\"wp-block-separator has-alpha-channel-opacity\">\n\n\n\n<p>\u0986\u09ae\u09be\u09a6\u09c7\u09b0 \u0993\u09af\u09bc\u09c7\u09ac\u09b8\u09be\u0987\u099f \u09ac\u09cd\u09af\u09ac\u09b9\u09be\u09b0 \u099a\u09be\u09b2\u09bf\u09af\u09bc\u09c7 \u09af\u09be\u0993\u09af\u09bc\u09be\u09b0 \u09ae\u09be\u09a7\u09cd\u09af\u09ae\u09c7, \u0986\u09aa\u09a8\u09bf \u098f\u0987 \u0997\u09cb\u09aa\u09a8\u09c0\u09af\u09bc\u09a4\u09be \u09a8\u09c0\u09a4\u09bf\u09b0 \u09b6\u09b0\u09cd\u09a4\u09be\u09ac\u09b2\u09c0\u09a4\u09c7 \u09b8\u09ae\u09cd\u09ae\u09a4 \u09b9\u099a\u09cd\u099b\u09c7\u09a8\u0964<\/p>\n<\/body><\/html>","protected":false},"excerpt":{"rendered":"<p>Pol\u00edtica de Privacidade \u00daltima Atualiza\u00e7\u00e3o: 01\/04\/2025 Bem-vindo ao Blog Planeje as Finan\u00e7as! A sua privacidade \u00e9 importante para n\u00f3s. Esta Pol\u00edtica de Privacidade explica como coletamos, usamos, compartilhamos e protegemos suas informa\u00e7\u00f5es ao acessar nosso site https:\/\/blog.planejeasfinancas.com.br. 1. Coleta de Informa\u00e7\u00f5es Podemos coletar informa\u00e7\u00f5es de diferentes formas, incluindo: 2. Uso das Informa\u00e7\u00f5es As informa\u00e7\u00f5es coletadas [&hellip;]<\/p>","protected":false},"author":1,"featured_media":0,"parent":0,"menu_order":0,"comment_status":"closed","ping_status":"open","template":"","meta":{"footnotes":""},"class_list":["post-3","page","type-page","status-publish","hentry"],"_links":{"self":[{"href":"https:\/\/blog.planejeasfinancas.com.br\/bn\/wp-json\/wp\/v2\/pages\/3","targetHints":{"allow":["GET"]}}],"collection":[{"href":"https:\/\/blog.planejeasfinancas.com.br\/bn\/wp-json\/wp\/v2\/pages"}],"about":[{"href":"https:\/\/blog.planejeasfinancas.com.br\/bn\/wp-json\/wp\/v2\/types\/page"}],"author":[{"embeddable":true,"href":"https:\/\/blog.planejeasfinancas.com.br\/bn\/wp-json\/wp\/v2\/users\/1"}],"replies":[{"embeddable":true,"href":"https:\/\/blog.planejeasfinancas.com.br\/bn\/wp-json\/wp\/v2\/comments?post=3"}],"version-history":[{"count":2,"href":"https:\/\/blog.planejeasfinancas.com.br\/bn\/wp-json\/wp\/v2\/pages\/3\/revisions"}],"predecessor-version":[{"id":41,"href":"https:\/\/blog.planejeasfinancas.com.br\/bn\/wp-json\/wp\/v2\/pages\/3\/revisions\/41"}],"wp:attachment":[{"href":"https:\/\/blog.planejeasfinancas.com.br\/bn\/wp-json\/wp\/v2\/media?parent=3"}],"curies":[{"name":"wp","href":"https:\/\/api.w.org\/{rel}","templated":true}]}}