{"id":44,"date":"2025-04-02T00:16:21","date_gmt":"2025-04-02T03:16:21","guid":{"rendered":"https:\/\/blog.planejeasfinancas.com.br\/?page_id=44"},"modified":"2025-04-03T18:07:18","modified_gmt":"2025-04-03T21:07:18","slug":"contato","status":"publish","type":"page","link":"https:\/\/blog.planejeasfinancas.com.br\/ar\/contato\/","title":{"rendered":"\u0627\u062a\u0635\u0627\u0644"},"content":{"rendered":"<html><body><p><strong>\u0627\u062a\u0635\u0627\u0644<\/strong><\/p>\n\n\n\n<p>\u0645\u0631\u062d\u0628\u064b\u0627! \u0645\u0631\u062d\u0628\u0627\u064b \u0628\u0643\u0645 \u0641\u064a \u0635\u0641\u062d\u0629 \u0627\u0644\u0627\u062a\u0635\u0627\u0644 \u0627\u0644\u062e\u0627\u0635\u0629 \u0628\u0646\u0627. \u0646\u062d\u0646 \u0647\u0646\u0627 \u0644\u0645\u0633\u0627\u0639\u062f\u062a\u0643 \u0641\u064a \u0623\u064a \u0623\u0633\u0626\u0644\u0629 \u0623\u0648 \u0627\u0642\u062a\u0631\u0627\u062d\u0627\u062a \u0623\u0648 \u062a\u0639\u0644\u064a\u0642\u0627\u062a \u062d\u0648\u0644 <strong>\u062e\u0637\u0637 \u0644\u0645\u0648\u0627\u0631\u062f\u0643 \u0627\u0644\u0645\u0627\u0644\u064a\u0629<\/strong>. \u0644\u0627 \u062a\u062a\u0631\u062f\u062f\u0648\u0627 \u0641\u064a \u0627\u0644\u0627\u062a\u0635\u0627\u0644 \u0628\u0646\u0627 \u0639\u0628\u0631 \u0627\u0644\u0648\u0633\u0627\u0626\u0644 \u0627\u0644\u062a\u0627\u0644\u064a\u0629:<\/p>\n\n\n\n<h3 class=\"wp-block-heading\">\u0646\u0645\u0648\u0630\u062c \u0627\u0644\u0627\u062a\u0635\u0627\u0644<\/h3>\n\n\n\n<p>\u0625\u0630\u0627 \u0643\u0646\u062a \u062a\u0641\u0636\u0644 \u062e\u062f\u0645\u0629 \u0623\u0643\u062b\u0631 \u0645\u0628\u0627\u0634\u0631\u0629\u060c \u0642\u0645 \u0628\u0645\u0644\u0621 \u0627\u0644\u0646\u0645\u0648\u0630\u062c \u0623\u062f\u0646\u0627\u0647 \u0648\u0633\u0648\u0641 \u064a\u0642\u0648\u0645 \u0641\u0631\u064a\u0642\u0646\u0627 \u0628\u0627\u0644\u0631\u062f \u0641\u064a \u0623\u0642\u0631\u0628 \u0648\u0642\u062a \u0645\u0645\u0643\u0646:<\/p>\n\n\n\n<h3 class=\"wp-block-heading\">\u0628\u0631\u064a\u062f \u0625\u0644\u0643\u062a\u0631\u0648\u0646\u064a<\/h3>\n\n\n\n<p>\u0625\u0630\u0627 \u0643\u0646\u062a \u062a\u0631\u063a\u0628 \u0641\u064a \u0627\u0644\u0627\u062a\u0635\u0627\u0644 \u0628\u0646\u0627 \u0645\u0628\u0627\u0634\u0631\u0629 \u0639\u0628\u0631 \u0627\u0644\u0628\u0631\u064a\u062f \u0627\u0644\u0625\u0644\u0643\u062a\u0631\u0648\u0646\u064a\u060c \u064a\u0631\u062c\u0649 \u0625\u0631\u0633\u0627\u0644 \u0631\u0633\u0627\u0644\u062a\u0643 \u0625\u0644\u0649:<\/p>\n\n\n\n<p><strong><a class=\"\">contato@planejeasfinancas.com.br<\/a><\/strong><\/p>\n\n\n\n<h3 class=\"wp-block-heading\">\u0648\u0633\u0627\u0626\u0644 \u0627\u0644\u062a\u0648\u0627\u0635\u0644 \u0627\u0644\u0627\u062c\u062a\u0645\u0627\u0639\u064a<\/h3>\n\n\n\n<p>\u0648\u064a\u0645\u0643\u0646\u0643 \u0623\u064a\u0636\u064b\u0627 \u0645\u062a\u0627\u0628\u0639\u062a\u0646\u0627 \u0639\u0644\u0649 \u0648\u0633\u0627\u0626\u0644 \u0627\u0644\u062a\u0648\u0627\u0635\u0644 \u0627\u0644\u0627\u062c\u062a\u0645\u0627\u0639\u064a \u0648\u0627\u0644\u062a\u0641\u0627\u0639\u0644 \u0645\u0639 \u0645\u062d\u062a\u0648\u0627\u0646\u0627. \u0646\u062d\u0646 \u0645\u062a\u0648\u0627\u062c\u062f\u0648\u0646 \u0639\u0644\u0649 \u0627\u0644\u0645\u0646\u0635\u0627\u062a \u0627\u0644\u062a\u0627\u0644\u064a\u0629:<\/p>\n\n\n\n<ul class=\"wp-block-list\">\n<li>[\u0641\u064a\u0633\u0628\u0648\u0643] <strong>facebook.com\/planjeasfinancas<\/strong><\/li>\n\n\n\n<li>[\u0625\u0646\u0633\u062a\u063a\u0631\u0627\u0645] <strong>instagram.com\/planejeasfinancas<\/strong><\/li>\n\n\n\n<li>[\u062a\u063a\u0631\u064a\u062f] <strong>twitter.com\/plan_finances<\/strong><\/li>\n\n\n\n<li>[\u0644\u064a\u0646\u0643\u062f \u0625\u0646] <strong>linkedin.com\/company\/planjeasfinancas<\/strong><\/li>\n<\/ul>\n\n\n\n<h3 class=\"wp-block-heading\">\u0639\u0646\u0648\u0627\u0646<\/h3>\n\n\n\n<p>\u0625\u0630\u0627 \u0643\u0646\u062a \u062a\u0641\u0636\u0644 \u0627\u0644\u0627\u062a\u0635\u0627\u0644 \u0628\u0646\u0627 \u0634\u062e\u0635\u064a\u064b\u0627\u060c \u0639\u0646\u0648\u0627\u0646\u0646\u0627 \u0647\u0648:<\/p>\n\n\n\n<p><strong>\u0634\u0627\u0631\u0639 \u0628\u0627\u0648\u0644\u064a\u0633\u062a\u0627\u060c 123 \u2013 \u063a\u0631\u0641\u0629 405<br>\u0633\u0627\u0648 \u0628\u0627\u0648\u0644\u0648\u060c \u0633\u0627\u0648 \u0628\u0627\u0648\u0644\u0648 <\/strong><\/p>\n\n\n\n<p>\u0646\u0634\u0643\u0631\u0643 \u0639\u0644\u0649 \u0627\u0644\u062a\u0648\u0627\u0635\u0644 \u0645\u0639\u0646\u0627 \u0648\u0633\u0648\u0641 \u0646\u0642\u0648\u0645 \u0628\u0627\u0644\u0631\u062f \u0641\u064a \u0623\u0642\u0631\u0628 \u0648\u0642\u062a \u0645\u0645\u0643\u0646!<\/p>\n\n\n\n<p><strong>\u062e\u0637\u0637 \u0644\u0645\u0648\u0627\u0631\u062f\u0643 \u0627\u0644\u0645\u0627\u0644\u064a\u0629 \u2013 \u0646\u062d\u0646 \u0647\u0646\u0627 \u0644\u0645\u0633\u0627\u0639\u062f\u062a\u0643!<\/strong><\/p>\n\n\n\n<p>\u0627\u0644\u0622\u0646\u060c \u0648\u0645\u0639 \u0627\u0644\u0645\u0639\u0644\u0648\u0645\u0627\u062a \u0627\u0644\u062e\u064a\u0627\u0644\u064a\u0629\u060c \u0623\u0635\u0628\u062d\u062a \u0627\u0644\u0635\u0641\u062d\u0629 \u062c\u0627\u0647\u0632\u0629 \u0644\u0644\u0627\u0633\u062a\u062e\u062f\u0627\u0645. \u0625\u0630\u0627 \u0643\u0646\u062a \u0628\u062d\u0627\u062c\u0629 \u0625\u0644\u0649 \u0623\u064a \u062a\u0639\u062f\u064a\u0644\u0627\u062a \u0625\u0636\u0627\u0641\u064a\u0629\u060c \u0641\u0623\u062e\u0628\u0631\u0646\u064a \u0628\u0630\u0644\u0643!<\/p>\n<\/body><\/html>","protected":false},"excerpt":{"rendered":"<p>Contato Ol\u00e1! Bem-vindo \u00e0 nossa p\u00e1gina de contato. Estamos aqui para ajudar voc\u00ea com qualquer d\u00favida, sugest\u00e3o ou coment\u00e1rio sobre o Planeje as Finan\u00e7as. Fique \u00e0 vontade para entrar em contato conosco atrav\u00e9s dos seguintes meios: Formul\u00e1rio de Contato Se voc\u00ea prefere um atendimento mais direto, preencha o formul\u00e1rio abaixo e nossa equipe responder\u00e1 o [&hellip;]<\/p>","protected":false},"author":2,"featured_media":0,"parent":0,"menu_order":0,"comment_status":"closed","ping_status":"closed","template":"template-contato.php","meta":{"footnotes":""},"class_list":["post-44","page","type-page","status-publish","hentry"],"_links":{"self":[{"href":"https:\/\/blog.planejeasfinancas.com.br\/ar\/wp-json\/wp\/v2\/pages\/44","targetHints":{"allow":["GET"]}}],"collection":[{"href":"https:\/\/blog.planejeasfinancas.com.br\/ar\/wp-json\/wp\/v2\/pages"}],"about":[{"href":"https:\/\/blog.planejeasfinancas.com.br\/ar\/wp-json\/wp\/v2\/types\/page"}],"author":[{"embeddable":true,"href":"https:\/\/blog.planejeasfinancas.com.br\/ar\/wp-json\/wp\/v2\/users\/2"}],"replies":[{"embeddable":true,"href":"https:\/\/blog.planejeasfinancas.com.br\/ar\/wp-json\/wp\/v2\/comments?post=44"}],"version-history":[{"count":2,"href":"https:\/\/blog.planejeasfinancas.com.br\/ar\/wp-json\/wp\/v2\/pages\/44\/revisions"}],"predecessor-version":[{"id":150,"href":"https:\/\/blog.planejeasfinancas.com.br\/ar\/wp-json\/wp\/v2\/pages\/44\/revisions\/150"}],"wp:attachment":[{"href":"https:\/\/blog.planejeasfinancas.com.br\/ar\/wp-json\/wp\/v2\/media?parent=44"}],"curies":[{"name":"wp","href":"https:\/\/api.w.org\/{rel}","templated":true}]}}