{"id":3,"date":"2025-04-01T10:43:41","date_gmt":"2025-04-01T13:43:41","guid":{"rendered":"https:\/\/blog.planejeasfinancas.com.br\/?page_id=3"},"modified":"2025-04-02T00:09:59","modified_gmt":"2025-04-02T03:09:59","slug":"politica-de-privacidade","status":"publish","type":"page","link":"https:\/\/blog.planejeasfinancas.com.br\/ar\/politica-de-privacidade\/","title":{"rendered":"\u0633\u064a\u0627\u0633\u0629 \u0627\u0644\u062e\u0635\u0648\u0635\u064a\u0629"},"content":{"rendered":"<html><body><h2 class=\"wp-block-heading\"><strong>\u0633\u064a\u0627\u0633\u0629 \u0627\u0644\u062e\u0635\u0648\u0635\u064a\u0629<\/strong><\/h2>\n\n\n\n<p><strong>\u0623\u062e\u0631 \u062a\u062d\u062f\u064a\u062b:<\/strong> 01\/04\/2025<\/p>\n\n\n\n<p>\u0645\u0631\u062d\u0628\u0627\u064b \u0628\u0643\u0645 \u0641\u064a <strong>\u0645\u062f\u0648\u0646\u0629<\/strong> <strong>\u062e\u0637\u0637 \u0644\u0645\u0648\u0627\u0631\u062f\u0643 \u0627\u0644\u0645\u0627\u0644\u064a\u0629<\/strong>! \u062e\u0635\u0648\u0635\u064a\u062a\u0643 \u0645\u0647\u0645\u0629 \u0628\u0627\u0644\u0646\u0633\u0628\u0629 \u0644\u0646\u0627. \u062a\u0634\u0631\u062d \u0633\u064a\u0627\u0633\u0629 \u0627\u0644\u062e\u0635\u0648\u0635\u064a\u0629 \u0647\u0630\u0647 \u0643\u064a\u0641\u064a\u0629 \u062c\u0645\u0639 \u0645\u0639\u0644\u0648\u0645\u0627\u062a\u0643 \u0648\u0627\u0633\u062a\u062e\u062f\u0627\u0645\u0647\u0627 \u0648\u0645\u0634\u0627\u0631\u0643\u062a\u0647\u0627 \u0648\u062d\u0645\u0627\u064a\u062a\u0647\u0627 \u0639\u0646\u062f\u0645\u0627 \u062a\u0632\u0648\u0631 \u0645\u0648\u0642\u0639\u0646\u0627 \u0627\u0644\u0625\u0644\u0643\u062a\u0631\u0648\u0646\u064a. <a><strong>https:\/\/blog.planejeasfinancas.com.br<\/strong><\/a>.<\/p>\n\n\n\n<h3 class=\"wp-block-heading\">1. \u062c\u0645\u0639 \u0627\u0644\u0645\u0639\u0644\u0648\u0645\u0627\u062a<\/h3>\n\n\n\n<p>\u0642\u062f \u0646\u0642\u0648\u0645 \u0628\u062c\u0645\u0639 \u0627\u0644\u0645\u0639\u0644\u0648\u0645\u0627\u062a \u0628\u0637\u0631\u0642 \u0645\u062e\u062a\u0644\u0641\u0629\u060c \u0628\u0645\u0627 \u0641\u064a \u0630\u0644\u0643:<\/p>\n\n\n\n<ul class=\"wp-block-list\">\n<li><strong>\u0627\u0644\u0645\u0639\u0644\u0648\u0645\u0627\u062a \u0627\u0644\u0645\u0642\u062f\u0645\u0629 \u0645\u0646 \u0627\u0644\u0645\u0633\u062a\u062e\u062f\u0645<\/strong>:\u0627\u0644\u0627\u0633\u0645 \u0648\u0627\u0644\u0628\u0631\u064a\u062f \u0627\u0644\u0625\u0644\u0643\u062a\u0631\u0648\u0646\u064a \u0648\u0627\u0644\u0645\u0639\u0644\u0648\u0645\u0627\u062a \u0627\u0644\u0623\u062e\u0631\u0649 \u0627\u0644\u062a\u064a \u062a\u0645 \u062a\u0642\u062f\u064a\u0645\u0647\u0627 \u0637\u0648\u0627\u0639\u064a\u0629 \u0639\u0646\u062f \u0627\u0644\u0627\u0634\u062a\u0631\u0627\u0643 \u0641\u064a \u0627\u0644\u0646\u0634\u0631\u0629 \u0627\u0644\u0625\u062e\u0628\u0627\u0631\u064a\u0629 \u0644\u062f\u064a\u0646\u0627 \u0623\u0648 \u0627\u0644\u0627\u062a\u0635\u0627\u0644 \u0628\u0646\u0627.<\/li>\n\n\n\n<li><strong>\u0627\u0644\u0645\u0639\u0644\u0648\u0645\u0627\u062a \u0627\u0644\u062a\u0644\u0642\u0627\u0626\u064a\u0629<\/strong>:\u0628\u064a\u0627\u0646\u0627\u062a \u0627\u0644\u062a\u0635\u0641\u062d\u060c \u0639\u0646\u0648\u0627\u0646 IP\u060c \u0646\u0648\u0639 \u0627\u0644\u0645\u062a\u0635\u0641\u062d\u060c \u0627\u0644\u0648\u0642\u062a \u0627\u0644\u0645\u0633\u062a\u063a\u0631\u0642 \u0648\u0627\u0644\u0635\u0641\u062d\u0627\u062a \u0627\u0644\u062a\u064a \u062a\u0645 \u0627\u0644\u0648\u0635\u0648\u0644 \u0625\u0644\u064a\u0647\u0627.<\/li>\n\n\n\n<li><strong>\u0645\u0644\u0641\u0627\u062a \u062a\u0639\u0631\u064a\u0641 \u0627\u0644\u0627\u0631\u062a\u0628\u0627\u0637 \u0648\u0627\u0644\u062a\u0642\u0646\u064a\u0627\u062a \u0627\u0644\u0645\u0645\u0627\u062b\u0644\u0629<\/strong>:\u0646\u062d\u0646 \u0646\u0633\u062a\u062e\u062f\u0645 \u0645\u0644\u0641\u0627\u062a \u062a\u0639\u0631\u064a\u0641 \u0627\u0644\u0627\u0631\u062a\u0628\u0627\u0637 \u0644\u062a\u062d\u0633\u064a\u0646 \u062a\u062c\u0631\u0628\u0629 \u0627\u0644\u0645\u0633\u062a\u062e\u062f\u0645 \u0648\u062a\u062e\u0635\u064a\u0635 \u0627\u0644\u0645\u062d\u062a\u0648\u0649.<\/li>\n<\/ul>\n\n\n\n<h3 class=\"wp-block-heading\">2. \u0627\u0633\u062a\u062e\u062f\u0627\u0645 \u0627\u0644\u0645\u0639\u0644\u0648\u0645\u0627\u062a<\/h3>\n\n\n\n<p>\u064a\u0645\u0643\u0646 \u0627\u0633\u062a\u062e\u062f\u0627\u0645 \u0627\u0644\u0645\u0639\u0644\u0648\u0645\u0627\u062a \u0627\u0644\u062a\u064a \u062a\u0645 \u062c\u0645\u0639\u0647\u0627 \u0645\u0646 \u0623\u062c\u0644:<\/p>\n\n\n\n<ul class=\"wp-block-list\">\n<li>\u0642\u0645 \u0628\u062a\u062e\u0635\u064a\u0635 \u062a\u062c\u0631\u0628\u062a\u0643 \u0639\u0644\u0649 \u0627\u0644\u0645\u0648\u0642\u0639\u061b<\/li>\n\n\n\n<li>\u062a\u062d\u0633\u064a\u0646 \u062e\u062f\u0645\u0627\u062a\u0646\u0627 \u0648\u0645\u062d\u062a\u0648\u064a\u0627\u062a\u0646\u0627\u061b<\/li>\n\n\n\n<li>\u0625\u0631\u0633\u0627\u0644 \u0631\u0633\u0627\u0626\u0644 \u0628\u0631\u064a\u062f \u0625\u0644\u0643\u062a\u0631\u0648\u0646\u064a \u0625\u0639\u0644\u0627\u0645\u064a\u0629 \u0623\u0648 \u062a\u0631\u0648\u064a\u062c\u064a\u0629 (\u0625\u0630\u0627 \u0633\u0645\u062d \u0627\u0644\u0645\u0633\u062a\u062e\u062f\u0645 \u0628\u0630\u0644\u0643)\u061b<\/li>\n\n\n\n<li>\u062a\u062d\u0644\u064a\u0644 \u0625\u062d\u0635\u0627\u0626\u064a\u0627\u062a \u0627\u0644\u0627\u0633\u062a\u062e\u062f\u0627\u0645 \u0648\u0627\u0644\u0633\u0644\u0648\u0643.<\/li>\n<\/ul>\n\n\n\n<h3 class=\"wp-block-heading\">3. \u062a\u0628\u0627\u062f\u0644 \u0627\u0644\u0645\u0639\u0644\u0648\u0645\u0627\u062a<\/h3>\n\n\n\n<p>\u0646\u062d\u0646 \u0644\u0627 \u0646\u0634\u0627\u0631\u0643 \u0645\u0639\u0644\u0648\u0645\u0627\u062a\u0643 \u0627\u0644\u0634\u062e\u0635\u064a\u0629 \u0645\u0639 \u0623\u0637\u0631\u0627\u0641 \u062b\u0627\u0644\u062b\u0629 \u0628\u0627\u0633\u062a\u062b\u0646\u0627\u0621:<\/p>\n\n\n\n<ul class=\"wp-block-list\">\n<li>\u0639\u0646\u062f\u0645\u0627 \u064a\u0642\u062a\u0636\u064a \u0627\u0644\u0642\u0627\u0646\u0648\u0646 \u0630\u0644\u0643\u061b<\/li>\n\n\n\n<li>\u0645\u0639 \u0645\u0642\u062f\u0645\u064a \u0627\u0644\u062e\u062f\u0645\u0627\u062a \u0627\u0644\u0630\u064a\u0646 \u064a\u0633\u0627\u0639\u062f\u0648\u0646 \u0641\u064a \u062a\u0634\u063a\u064a\u0644 \u0627\u0644\u0645\u0648\u0642\u0639 \u0627\u0644\u0625\u0644\u0643\u062a\u0631\u0648\u0646\u064a (\u0639\u0644\u0649 \u0633\u0628\u064a\u0644 \u0627\u0644\u0645\u062b\u0627\u0644: \u0645\u0642\u062f\u0645\u064a \u062e\u062f\u0645\u0627\u062a \u0627\u0644\u062a\u0633\u0648\u064a\u0642 \u0639\u0628\u0631 \u0627\u0644\u0628\u0631\u064a\u062f \u0627\u0644\u0625\u0644\u0643\u062a\u0631\u0648\u0646\u064a \u0648\u062a\u062d\u0644\u064a\u0644 \u0627\u0644\u0628\u064a\u0627\u0646\u0627\u062a)\u061b<\/li>\n\n\n\n<li>\u0644\u062d\u0645\u0627\u064a\u0629 \u062d\u0642\u0648\u0642\u0646\u0627 \u0627\u0644\u0642\u0627\u0646\u0648\u0646\u064a\u0629 \u0648\u0633\u0644\u0627\u0645\u0629 \u0627\u0644\u0645\u0633\u062a\u062e\u062f\u0645.<\/li>\n<\/ul>\n\n\n\n<h3 class=\"wp-block-heading\">4. \u0645\u0644\u0641\u0627\u062a \u062a\u0639\u0631\u064a\u0641 \u0627\u0644\u0627\u0631\u062a\u0628\u0627\u0637 \u0648\u062a\u0642\u0646\u064a\u0627\u062a \u0627\u0644\u062a\u062a\u0628\u0639<\/h3>\n\n\n\n<p>\u0646\u062d\u0646 \u0646\u0633\u062a\u062e\u062f\u0645 \u0645\u0644\u0641\u0627\u062a \u062a\u0639\u0631\u064a\u0641 \u0627\u0644\u0627\u0631\u062a\u0628\u0627\u0637 \u0645\u0646 \u0623\u062c\u0644:<\/p>\n\n\n\n<ul class=\"wp-block-list\">\n<li>\u062a\u062d\u0633\u064a\u0646 \u0627\u0644\u062a\u0646\u0642\u0644 \u0648\u062a\u062c\u0631\u0628\u0629 \u0627\u0644\u0645\u0633\u062a\u062e\u062f\u0645\u061b<\/li>\n\n\n\n<li>\u062a\u062d\u0644\u064a\u0644 \u062d\u0631\u0643\u0629 \u0627\u0644\u0645\u0631\u0648\u0631 \u0639\u0644\u0649 \u0627\u0644\u0645\u0648\u0642\u0639\u061b<\/li>\n\n\n\n<li>\u0639\u0631\u0636 \u0625\u0639\u0644\u0627\u0646\u0627\u062a \u0645\u062e\u0635\u0635\u0629 \u0639\u0628\u0631 \u062e\u062f\u0645\u0627\u062a \u0627\u0644\u0637\u0631\u0641 \u0627\u0644\u062b\u0627\u0644\u062b (\u0625\u0639\u0644\u0627\u0646\u0627\u062a Google\u060c \u0648\u0625\u0639\u0644\u0627\u0646\u0627\u062a Facebook\u060c \u0648\u063a\u064a\u0631\u0647\u0627).<\/li>\n<\/ul>\n\n\n\n<p>\u064a\u0645\u0643\u0646\u0643 \u0625\u062f\u0627\u0631\u0629 \u0645\u0644\u0641\u0627\u062a \u062a\u0639\u0631\u064a\u0641 \u0627\u0644\u0627\u0631\u062a\u0628\u0627\u0637 \u0623\u0648 \u062a\u0639\u0637\u064a\u0644\u0647\u0627 \u0645\u0628\u0627\u0634\u0631\u0629 \u0641\u064a \u0645\u062a\u0635\u0641\u062d\u0643.<\/p>\n\n\n\n<h3 class=\"wp-block-heading\">5. \u0623\u0645\u0646 \u0627\u0644\u0628\u064a\u0627\u0646\u0627\u062a<\/h3>\n\n\n\n<p>\u0646\u062d\u0646 \u0646\u0646\u0641\u0630 \u062a\u062f\u0627\u0628\u064a\u0631 \u0623\u0645\u0646\u064a\u0629 \u0644\u062d\u0645\u0627\u064a\u0629 \u0645\u0639\u0644\u0648\u0645\u0627\u062a\u0643 \u0645\u0646 \u0627\u0644\u0648\u0635\u0648\u0644 \u063a\u064a\u0631 \u0627\u0644\u0645\u0635\u0631\u062d \u0628\u0647 \u0623\u0648 \u0627\u0644\u062a\u063a\u064a\u064a\u0631 \u0623\u0648 \u0627\u0644\u0643\u0634\u0641 \u063a\u064a\u0631 \u0627\u0644\u0633\u0644\u064a\u0645.<\/p>\n\n\n\n<h3 class=\"wp-block-heading\">6. \u0631\u0648\u0627\u0628\u0637 \u0644\u0645\u0648\u0627\u0642\u0639 \u062e\u0627\u0631\u062c\u064a\u0629<\/h3>\n\n\n\n<p>\u0642\u062f \u064a\u062d\u062a\u0648\u064a \u0645\u0648\u0642\u0639\u0646\u0627 \u0639\u0644\u0649 \u0631\u0648\u0627\u0628\u0637 \u0644\u0645\u0648\u0627\u0642\u0639 \u0648\u064a\u0628 \u062a\u0627\u0628\u0639\u0629 \u0644\u062c\u0647\u0627\u062a \u062e\u0627\u0631\u062c\u064a\u0629. \u0646\u062d\u0646 \u0644\u0633\u0646\u0627 \u0645\u0633\u0624\u0648\u0644\u064a\u0646 \u0639\u0646 \u0633\u064a\u0627\u0633\u0627\u062a \u0627\u0644\u062e\u0635\u0648\u0635\u064a\u0629 \u0644\u0647\u0630\u0647 \u0627\u0644\u0645\u0648\u0627\u0642\u0639.<\/p>\n\n\n\n<h3 class=\"wp-block-heading\">7. \u062d\u0642\u0648\u0642 \u0627\u0644\u0645\u0633\u062a\u062e\u062f\u0645<\/h3>\n\n\n\n<p>\u0644\u062f\u064a\u0643 \u0627\u0644\u062d\u0642 \u0641\u064a:<\/p>\n\n\n\n<ul class=\"wp-block-list\">\n<li>\u0627\u0644\u0648\u0635\u0648\u0644 \u0625\u0644\u0649 \u0645\u0639\u0644\u0648\u0645\u0627\u062a\u0643 \u0627\u0644\u0634\u062e\u0635\u064a\u0629 \u0623\u0648 \u062a\u0635\u062d\u064a\u062d\u0647\u0627 \u0623\u0648 \u062d\u0630\u0641\u0647\u0627\u061b<\/li>\n\n\n\n<li>\u0625\u0644\u063a\u0627\u0621 \u0627\u0644\u0645\u0648\u0627\u0641\u0642\u0629 \u0639\u0644\u0649 \u0627\u0633\u062a\u062e\u062f\u0627\u0645 \u0628\u064a\u0627\u0646\u0627\u062a\u0643\u061b<\/li>\n\n\n\n<li>\u0627\u0637\u0644\u0628 \u0645\u0639\u0644\u0648\u0645\u0627\u062a \u062d\u0648\u0644 \u0627\u0633\u062a\u062e\u062f\u0627\u0645 \u0628\u064a\u0627\u0646\u0627\u062a\u0643.<\/li>\n<\/ul>\n\n\n\n<p>\u0644\u0645\u0645\u0627\u0631\u0633\u0629 \u062d\u0642\u0648\u0642\u0643\u060c \u064a\u0631\u062c\u0649 \u0627\u0644\u0627\u062a\u0635\u0627\u0644 \u0628\u0646\u0627 \u0639\u0628\u0631 \u0627\u0644\u0628\u0631\u064a\u062f \u0627\u0644\u0625\u0644\u0643\u062a\u0631\u0648\u0646\u064a: <strong>[\u0628\u0631\u064a\u062f\u0643 \u0627\u0644\u0625\u0644\u0643\u062a\u0631\u0648\u0646\u064a \u0644\u0644\u062a\u0648\u0627\u0635\u0644]<\/strong>.<\/p>\n\n\n\n<h3 class=\"wp-block-heading\">8. \u0627\u0644\u062a\u063a\u064a\u064a\u0631\u0627\u062a \u0639\u0644\u0649 \u0633\u064a\u0627\u0633\u0629 \u0627\u0644\u062e\u0635\u0648\u0635\u064a\u0629<\/h3>\n\n\n\n<p>\u0642\u062f \u0646\u0642\u0648\u0645 \u0628\u062a\u062d\u062f\u064a\u062b \u0633\u064a\u0627\u0633\u0629 \u0627\u0644\u062e\u0635\u0648\u0635\u064a\u0629 \u0647\u0630\u0647 \u0645\u0646 \u0648\u0642\u062a \u0644\u0622\u062e\u0631. \u0646\u0646\u0635\u062d\u0643 \u0628\u0645\u0631\u0627\u062c\u0639\u0629 \u0647\u0630\u0647 \u0627\u0644\u0635\u0641\u062d\u0629 \u0628\u0627\u0646\u062a\u0638\u0627\u0645 \u0644\u062a\u0643\u0648\u0646 \u0639\u0644\u0649 \u0639\u0644\u0645 \u0628\u0623\u064a \u062a\u063a\u064a\u064a\u0631\u0627\u062a.<\/p>\n\n\n\n<h3 class=\"wp-block-heading\">9. \u0627\u0644\u0627\u062a\u0635\u0627\u0644<\/h3>\n\n\n\n<p>\u0625\u0630\u0627 \u0643\u0627\u0646\u062a \u0644\u062f\u064a\u0643 \u0623\u064a \u0623\u0633\u0626\u0644\u0629 \u062d\u0648\u0644 \u0633\u064a\u0627\u0633\u0629 \u0627\u0644\u062e\u0635\u0648\u0635\u064a\u0629 \u0647\u0630\u0647\u060c \u064a\u0631\u062c\u0649 \u0627\u0644\u0627\u062a\u0635\u0627\u0644 \u0628\u0646\u0627 \u0639\u0628\u0631 \u0627\u0644\u0628\u0631\u064a\u062f \u0627\u0644\u0625\u0644\u0643\u062a\u0631\u0648\u0646\u064a: <strong>blog.planejeasfinancas@gmail.com<\/strong>.<\/p>\n\n\n\n<hr class=\"wp-block-separator has-alpha-channel-opacity\">\n\n\n\n<p>\u0645\u0646 \u062e\u0644\u0627\u0644 \u0627\u0644\u0627\u0633\u062a\u0645\u0631\u0627\u0631 \u0641\u064a \u0627\u0633\u062a\u062e\u062f\u0627\u0645 \u0645\u0648\u0642\u0639\u0646\u0627 \u0627\u0644\u0625\u0644\u0643\u062a\u0631\u0648\u0646\u064a\u060c \u0641\u0625\u0646\u0643 \u062a\u0648\u0627\u0641\u0642 \u0639\u0644\u0649 \u0634\u0631\u0648\u0637 \u0633\u064a\u0627\u0633\u0629 \u0627\u0644\u062e\u0635\u0648\u0635\u064a\u0629 \u0647\u0630\u0647.<\/p>\n<\/body><\/html>","protected":false},"excerpt":{"rendered":"<p>Pol\u00edtica de Privacidade \u00daltima Atualiza\u00e7\u00e3o: 01\/04\/2025 Bem-vindo ao Blog Planeje as Finan\u00e7as! A sua privacidade \u00e9 importante para n\u00f3s. Esta Pol\u00edtica de Privacidade explica como coletamos, usamos, compartilhamos e protegemos suas informa\u00e7\u00f5es ao acessar nosso site https:\/\/blog.planejeasfinancas.com.br. 1. Coleta de Informa\u00e7\u00f5es Podemos coletar informa\u00e7\u00f5es de diferentes formas, incluindo: 2. Uso das Informa\u00e7\u00f5es As informa\u00e7\u00f5es coletadas [&hellip;]<\/p>","protected":false},"author":1,"featured_media":0,"parent":0,"menu_order":0,"comment_status":"closed","ping_status":"open","template":"","meta":{"footnotes":""},"class_list":["post-3","page","type-page","status-publish","hentry"],"_links":{"self":[{"href":"https:\/\/blog.planejeasfinancas.com.br\/ar\/wp-json\/wp\/v2\/pages\/3","targetHints":{"allow":["GET"]}}],"collection":[{"href":"https:\/\/blog.planejeasfinancas.com.br\/ar\/wp-json\/wp\/v2\/pages"}],"about":[{"href":"https:\/\/blog.planejeasfinancas.com.br\/ar\/wp-json\/wp\/v2\/types\/page"}],"author":[{"embeddable":true,"href":"https:\/\/blog.planejeasfinancas.com.br\/ar\/wp-json\/wp\/v2\/users\/1"}],"replies":[{"embeddable":true,"href":"https:\/\/blog.planejeasfinancas.com.br\/ar\/wp-json\/wp\/v2\/comments?post=3"}],"version-history":[{"count":2,"href":"https:\/\/blog.planejeasfinancas.com.br\/ar\/wp-json\/wp\/v2\/pages\/3\/revisions"}],"predecessor-version":[{"id":41,"href":"https:\/\/blog.planejeasfinancas.com.br\/ar\/wp-json\/wp\/v2\/pages\/3\/revisions\/41"}],"wp:attachment":[{"href":"https:\/\/blog.planejeasfinancas.com.br\/ar\/wp-json\/wp\/v2\/media?parent=3"}],"curies":[{"name":"wp","href":"https:\/\/api.w.org\/{rel}","templated":true}]}}